{"id":505,"date":"2018-04-10T10:45:41","date_gmt":"2018-04-10T09:45:41","guid":{"rendered":"https:\/\/www.bnblidovenezia.it\/?page_id=505"},"modified":"2018-04-29T12:08:57","modified_gmt":"2018-04-29T11:08:57","slug":"reviews","status":"publish","type":"page","link":"https:\/\/www.bnblidovenezia.it\/en\/reviews\/","title":{"rendered":"Reviews"},"content":{"rendered":"<div class=\"wpb-content-wrapper\">[vc_row][vc_column][vc_column_text]\n<h1 style=\"text-align: center;\">Guest reviews<\/h1>\n[\/vc_column_text][vc_separator][\/vc_column][\/vc_row][vc_row][vc_column width=&#8221;1\/2&#8243;][vc_column_text el_class=&#8221;rounded&#8221;]<img loading=\"lazy\" decoding=\"async\" class=\"\" src=\"https:\/\/a0.muscache.com\/im\/pictures\/user\/7c4f2d59-c7d5-4a7f-90a4-fd1e190c967a.jpg?aki_policy=profile_x_medium\" alt=\"\" width=\"94\" height=\"94\" \/><br \/>\n<strong>Helgard<\/strong> &#8211; <span class=\"_hylizj6\">febbraio 2018<\/span><\/p>\n<p>Elide hat uns herzlich empfangen und einen tollen Aufenthalt bereitet. Die Unterkunft entsprach der Beschreibung. Sie war ruhig und zentral gelegen, liebevoll eingerichtet und sehr sauber. Das Fr\u00fchst\u00fcck war super-reichhaltig und es gab morgens immer einen pers\u00f6nlich zubereiteten Obstsalat und einen vorbeigebrachten Capuccino. Sollten wir wieder in Venedig sein, dann w\u00fcrden wir wieder bei Elide buchen.[\/vc_column_text][\/vc_column][vc_column width=&#8221;1\/2&#8243;][vc_column_text el_class=&#8221;rounded&#8221;]<img loading=\"lazy\" decoding=\"async\" class=\"\" src=\"https:\/\/a0.muscache.com\/im\/users\/13148348\/profile_pic\/1394988031\/original.jpg?aki_policy=profile_x_medium\" alt=\"\" width=\"94\" height=\"94\" \/><br \/>\n<strong>Alexandra<\/strong> &#8211; novembre 2017<\/p>\n<p>Very beautiful room, clean bathroom, great little island with quiet nights and nice beach, vaporettos to venice every few minutes and all day- a very nice and helpful host, what else could you wish? Next time we visit venice, we will come back:)[\/vc_column_text][\/vc_column][\/vc_row][vc_row][vc_column width=&#8221;1\/2&#8243;][vc_column_text el_class=&#8221;rounded&#8221;]<img loading=\"lazy\" decoding=\"async\" class=\"\" src=\"https:\/\/a0.muscache.com\/im\/pictures\/2a7d7738-2957-4983-b8d0-9da0c25562e3.jpg?aki_policy=profile_x_medium\" alt=\"\" width=\"94\" height=\"94\" \/><br \/>\n<strong>Patrick<\/strong> &#8211; ottobre 2017<\/p>\n<p>Very beautiful room, clean bathroom, great little island with quiet nights and nice beach, vaporettos to venice every few minutes and all day- a very nice and helpful host, what else could you wish? Next time we visit venice, we will come back:)[\/vc_column_text][\/vc_column][vc_column width=&#8221;1\/2&#8243;][vc_column_text el_class=&#8221;rounded&#8221;]<img loading=\"lazy\" decoding=\"async\" class=\"\" src=\"https:\/\/a0.muscache.com\/im\/pictures\/e4149316-387c-4ebe-bc2e-98adb85941bb.jpg?aki_policy=profile_x_medium\" alt=\"\" width=\"94\" height=\"94\" \/><br \/>\n<strong>Tatiana<\/strong>&#8211; ottobre 2017<\/p>\n<p>We are so happy that we had a chance to stay at this beautiful and cosy apartment. Elide is a perfect host! She gave us entire information how to find her house and met us on the spot exactly in time. She also recommended us places to go, including supermarket and a nice trattoria nearby with the best pizza and pasta ever (at very reasonable price)! She is very friendly and hospitable. She even arranged welcome drinks for us! Elide provides very good breakfast and suggests rent of bicycles free of charge. The apartment is just like in the pictures, as described. Very cosy, feels like at home. And Elide is always next door to help. It couldn&#8217;t be better! Lido itself is very peaceful place (at least in October), very green and relaxing after busy centre of Venice. There are flowers everywhere, long clean sandy beach and lots of cute cottages. If you are still thinking of where to stay, just don&#8217;t think anymore &#8211; Elide&#8217;s apartment is the best place![\/vc_column_text][\/vc_column][\/vc_row][vc_row][vc_column width=&#8221;1\/2&#8243;][vc_column_text el_class=&#8221;rounded&#8221;]<img loading=\"lazy\" decoding=\"async\" class=\"\" src=\"https:\/\/a0.muscache.com\/im\/pictures\/user\/78834649-8a75-48ec-bd4f-66d46aabe680.jpg?aki_policy=profile_x_medium\" alt=\"\" width=\"94\" height=\"94\" \/><br \/>\n<strong>Samuel<\/strong> &#8211; <span class=\"_hylizj6\">settembre 2017<\/span><\/p>\n<p>Great location if you want to be close to the beach and easily within transport distance to Venice city. The room was good and breakfast included is great. Would stay again.[\/vc_column_text][\/vc_column][vc_column width=&#8221;1\/2&#8243;][vc_column_text el_class=&#8221;rounded&#8221;]<img loading=\"lazy\" decoding=\"async\" class=\"\" src=\"https:\/\/a0.muscache.com\/im\/pictures\/user\/937996ba-61fa-4bf9-b0b7-ecebeb5f0224.jpg?aki_policy=profile_x_medium\" alt=\"\" width=\"94\" height=\"94\" \/><br \/>\n<strong>Petra<\/strong> &#8211; <span class=\"_hylizj6\">agosto 2017<\/span><\/p>\n<p>Perfect place to stay in Venice! The appartment is very comfortable, nice and quiet&#8230; Elide is a wonderful host, she is super kind. We really enjoy staying by Elide! Thank you very much! See you next time! And: we will for sure recommend the place to anyone would ask for advice! Petra &amp; friends[\/vc_column_text][\/vc_column][\/vc_row][vc_row][vc_column width=&#8221;1\/2&#8243;][vc_column_text el_class=&#8221;rounded&#8221;]<img loading=\"lazy\" decoding=\"async\" class=\"\" src=\"https:\/\/a0.muscache.com\/im\/pictures\/bfabb0cb-6caf-4d4f-a151-8d69174843a9.jpg?aki_policy=profile_x_medium\" alt=\"\" width=\"94\" height=\"94\" \/><br \/>\n<strong>Marco<\/strong> &#8211; luglio 2017<\/p>\n<p>Elide \u00e8 una magnifica ospite che ha reso il soggiorno presso di lei una esperienza assolutamente da ripetere.[\/vc_column_text][\/vc_column][vc_column width=&#8221;1\/2&#8243;][vc_column_text el_class=&#8221;rounded&#8221;]<img loading=\"lazy\" decoding=\"async\" class=\"\" src=\"https:\/\/a0.muscache.com\/im\/pictures\/ff0c6bb3-0b37-48c8-ba84-d9cb64563cfb.jpg?aki_policy=profile_x_medium\" alt=\"\" width=\"94\" height=\"94\" \/><br \/>\n<strong>Isa<\/strong> &#8211; Giugno 2017<\/p>\n<p>De airbnb van Elide voldoet aan alle verwachtingen. De kamer heeft een ruime badkamer en genoeg ruimte voor twee personen. Elide staat elke ochtend op om op de gewenste tijd een uitgebreid ontbijt klaar te zetten voor de gasten. Ook haalt ze elke dag de vuile afwas weer van de kamers en maakt ze de bedden op. Ze was ontzettend vriendelijk en hartelijk, wij komen zeker terug en raden iedereen deze Airbnb aan![\/vc_column_text][\/vc_column][\/vc_row][vc_row][vc_column][vc_column_text]\n<p style=\"text-align: center;\"><a href=\"https:\/\/www.airbnb.it\/rooms\/3740002\"><span style=\"color: #ff00ff;\">All the reviews are true and can be viewed on Airbnb<\/span><\/a><\/p>\n[\/vc_column_text][\/vc_column][\/vc_row]\n<\/div>","protected":false},"excerpt":{"rendered":"<p>[vc_row][vc_column][vc_column_text] Guest reviews [\/vc_column_text][vc_separator][\/vc_column][\/vc_row][vc_row][vc_column width=&#8221;1\/2&#8243;][vc_column_text el_class=&#8221;rounded&#8221;] Helgard &#8211; febbraio 2018 Elide hat uns herzlich empfangen und einen tollen Aufenthalt bereitet. Die Unterkunft entsprach der Beschreibung. Sie war ruhig und zentral gelegen, liebevoll eingerichtet und sehr sauber. Das Fr\u00fchst\u00fcck war super-reichhaltig und es gab morgens immer einen pers\u00f6nlich zubereiteten Obstsalat und einen vorbeigebrachten Capuccino. Sollten wir [&hellip;]<\/p>\n","protected":false},"author":1,"featured_media":0,"parent":0,"menu_order":0,"comment_status":"closed","ping_status":"closed","template":"","meta":{"footnotes":""},"class_list":["post-505","page","type-page","status-publish","hentry"],"_links":{"self":[{"href":"https:\/\/www.bnblidovenezia.it\/en\/wp-json\/wp\/v2\/pages\/505","targetHints":{"allow":["GET"]}}],"collection":[{"href":"https:\/\/www.bnblidovenezia.it\/en\/wp-json\/wp\/v2\/pages"}],"about":[{"href":"https:\/\/www.bnblidovenezia.it\/en\/wp-json\/wp\/v2\/types\/page"}],"author":[{"embeddable":true,"href":"https:\/\/www.bnblidovenezia.it\/en\/wp-json\/wp\/v2\/users\/1"}],"replies":[{"embeddable":true,"href":"https:\/\/www.bnblidovenezia.it\/en\/wp-json\/wp\/v2\/comments?post=505"}],"version-history":[{"count":2,"href":"https:\/\/www.bnblidovenezia.it\/en\/wp-json\/wp\/v2\/pages\/505\/revisions"}],"predecessor-version":[{"id":509,"href":"https:\/\/www.bnblidovenezia.it\/en\/wp-json\/wp\/v2\/pages\/505\/revisions\/509"}],"wp:attachment":[{"href":"https:\/\/www.bnblidovenezia.it\/en\/wp-json\/wp\/v2\/media?parent=505"}],"curies":[{"name":"wp","href":"https:\/\/api.w.org\/{rel}","templated":true}]}}